{"id":2902,"date":"2024-03-11T12:42:25","date_gmt":"2024-03-11T11:42:25","guid":{"rendered":"http:\/\/molldur.pl\/?page_id=2902"},"modified":"2025-09-02T20:12:11","modified_gmt":"2025-09-02T18:12:11","slug":"kontakt","status":"publish","type":"page","link":"https:\/\/molldur.pl\/en\/kontakt\/","title":{"rendered":"KONTAKT"},"content":{"rendered":"<div class=\"section-title-area\">\n<h2 class=\"section-title\">Kontakt<\/h2>\n<\/div>\n<div class=\"su-row\">\n<div class=\"su-column su-column-size-1-3\"><div class=\"su-column-inner su-u-clearfix su-u-trim\">\n<h4>Dane firmy<\/h4>\n<p>Piotr Selke<br \/>\nul. Kr\u00f3tka 18<br \/>\n62-053 Dru\u017cyna<\/p>\n<h4>NIP<\/h4>\n<p>5881969576<\/p>\n<h4>REGON<\/h4>\n<p>363173430<\/p>\n<h4>Nr konta bankowego<\/h4>\n<p>49 1050 1214 1000 0097 0326 6768<\/p>\n<\/div><\/div>\n<div class=\"su-column su-column-size-1-3\"><div class=\"su-column-inner su-u-clearfix su-u-trim\">\n<h4>Dane stowarzyszenia<\/h4>\n<p>Stowarzyszenie im. Huberta Gajewskiego<br \/>\nul. \u015aremska 14<br \/>\n62-050 Mosina<\/p>\n<h4>NIP<\/h4>\n<p>7773405872<\/p>\n<h4>REGON<\/h4>\n<p>524776048<\/p>\n<h4>Nr konta bankowego<\/h4>\n<p>90 1090 1405 0000 0001 5399 2223<br \/>\n<\/div><\/div>\n<div class=\"su-column su-column-size-1-3\"><div class=\"su-column-inner su-u-clearfix su-u-trim\">\n<h4>Social media<\/h4>\n<p><a href=\"https:\/\/www.facebook.com\/mollDur-100434355224838\" target=\"_blank\" rel=\"noopener\">Facebook<\/a><br \/>\n<a href=\"https:\/\/www.youtube.com\/user\/serowy1\" target=\"_blank\" rel=\"noopener\">YouTube<\/a><br \/>\n<a href=\"https:\/\/www.instagram.com\/moll.dur\/\" target=\"_blank\" rel=\"noopener\">Instagram<\/a><\/p>\n<h4>Crowdfunding<\/h4>\n<p><a href=\"https:\/\/patronite.pl\/molldur\" target=\"_blank\" rel=\"noopener\">Patronite<\/a><br \/>\n<a href=\"https:\/\/zrzutka.pl\/profile\/stowarzyszenie-molldur-im-huberta-gajewskiego-w-mosinie-395562\" target=\"_blank\" rel=\"noopener\">Zrzutka<\/a><\/p>\n<h4>Telefon<\/h4>\n<p>+48 512 808 805<\/p>\n<h4>E-mail<\/h4>\n<p><a href=\"mailto:scena@molldur.pl?subject=Wiadomo\u015b\u0107 ze strony mollDur.pl\"><strong>scena@molldur.pl<\/strong><\/a><br \/>\n(organizacja koncert\u00f3w, kontakt dla zespo\u0142\u00f3w)<\/p>\n<p><a href=\"mailto:gramy@molldur.pl?subject=Wiadomo\u015b\u0107 ze strony mollDur.pl\"><strong>gramy@molldur.pl<\/strong><\/a><br \/>\n(pozosta\u0142e sprawy)<br \/>\n<\/div><\/div>\n<\/div>\n<div class=\"su-spacer\" style=\"height:20px\"><\/div>\n<div class=\"su-row\">\n<div class=\"su-gmap su-u-responsive-media-yes\"><iframe loading=\"lazy\" width=\"600\" height=\"600\" src=\"\/\/maps.google.com\/maps?q=Mosina%2C%20%C5%9Aremska%2014%2C%20Polska&amp;output=embed&amp;z=17\" title=\"\"><\/iframe><\/div>\n<\/div>","protected":false},"excerpt":{"rendered":"<p>Kontakt<\/p>","protected":false},"author":1,"featured_media":0,"parent":0,"menu_order":0,"comment_status":"closed","ping_status":"closed","template":"","meta":{"footnotes":""},"class_list":["post-2902","page","type-page","status-publish","hentry"],"yoast_head":"<!-- This site is optimized with the Yoast SEO plugin v27.4 - https:\/\/yoast.com\/product\/yoast-seo-wordpress\/ -->\n<title>KONTAKT - mollDur<\/title>\n<meta name=\"robots\" content=\"index, follow, max-snippet:-1, max-image-preview:large, max-video-preview:-1\" \/>\n<link rel=\"canonical\" href=\"https:\/\/molldur.pl\/en\/kontakt\/\" \/>\n<meta property=\"og:locale\" content=\"en_US\" \/>\n<meta property=\"og:type\" content=\"article\" \/>\n<meta property=\"og:title\" content=\"KONTAKT - mollDur\" \/>\n<meta property=\"og:description\" content=\"Kontakt\" \/>\n<meta property=\"og:url\" content=\"https:\/\/molldur.pl\/en\/kontakt\/\" \/>\n<meta property=\"og:site_name\" content=\"mollDur\" \/>\n<meta property=\"article:publisher\" content=\"https:\/\/www.facebook.com\/mollDur-100434355224838\" \/>\n<meta property=\"article:modified_time\" content=\"2025-09-02T18:12:11+00:00\" \/>\n<meta name=\"twitter:card\" content=\"summary_large_image\" \/>\n<meta name=\"twitter:label1\" content=\"Est. reading time\" \/>\n\t<meta name=\"twitter:data1\" content=\"1 minute\" \/>\n<script type=\"application\/ld+json\" class=\"yoast-schema-graph\">{\"@context\":\"https:\\\/\\\/schema.org\",\"@graph\":[{\"@type\":\"WebPage\",\"@id\":\"https:\\\/\\\/molldur.pl\\\/kontakt\\\/\",\"url\":\"https:\\\/\\\/molldur.pl\\\/kontakt\\\/\",\"name\":\"KONTAKT - mollDur\",\"isPartOf\":{\"@id\":\"https:\\\/\\\/molldur.pl\\\/#website\"},\"datePublished\":\"2024-03-11T11:42:25+00:00\",\"dateModified\":\"2025-09-02T18:12:11+00:00\",\"breadcrumb\":{\"@id\":\"https:\\\/\\\/molldur.pl\\\/kontakt\\\/#breadcrumb\"},\"inLanguage\":\"en-US\",\"potentialAction\":[{\"@type\":\"ReadAction\",\"target\":[\"https:\\\/\\\/molldur.pl\\\/kontakt\\\/\"]}]},{\"@type\":\"BreadcrumbList\",\"@id\":\"https:\\\/\\\/molldur.pl\\\/kontakt\\\/#breadcrumb\",\"itemListElement\":[{\"@type\":\"ListItem\",\"position\":1,\"name\":\"Strona g\u0142\u00f3wna\",\"item\":\"https:\\\/\\\/molldur.pl\\\/\"},{\"@type\":\"ListItem\",\"position\":2,\"name\":\"KONTAKT\"}]},{\"@type\":\"WebSite\",\"@id\":\"https:\\\/\\\/molldur.pl\\\/#website\",\"url\":\"https:\\\/\\\/molldur.pl\\\/\",\"name\":\"mollDur\",\"description\":\"\",\"publisher\":{\"@id\":\"https:\\\/\\\/molldur.pl\\\/#organization\"},\"potentialAction\":[{\"@type\":\"SearchAction\",\"target\":{\"@type\":\"EntryPoint\",\"urlTemplate\":\"https:\\\/\\\/molldur.pl\\\/?s={search_term_string}\"},\"query-input\":{\"@type\":\"PropertyValueSpecification\",\"valueRequired\":true,\"valueName\":\"search_term_string\"}}],\"inLanguage\":\"en-US\"},{\"@type\":\"Organization\",\"@id\":\"https:\\\/\\\/molldur.pl\\\/#organization\",\"name\":\"mollDur\",\"url\":\"https:\\\/\\\/molldur.pl\\\/\",\"logo\":{\"@type\":\"ImageObject\",\"inLanguage\":\"en-US\",\"@id\":\"https:\\\/\\\/molldur.pl\\\/#\\\/schema\\\/logo\\\/image\\\/\",\"url\":\"https:\\\/\\\/molldur.pl\\\/wp-content\\\/uploads\\\/mD_182x50_bl.svg\",\"contentUrl\":\"https:\\\/\\\/molldur.pl\\\/wp-content\\\/uploads\\\/mD_182x50_bl.svg\",\"width\":136,\"height\":37,\"caption\":\"mollDur\"},\"image\":{\"@id\":\"https:\\\/\\\/molldur.pl\\\/#\\\/schema\\\/logo\\\/image\\\/\"},\"sameAs\":[\"https:\\\/\\\/www.facebook.com\\\/mollDur-100434355224838\",\"https:\\\/\\\/www.youtube.com\\\/user\\\/serowy1\",\"https:\\\/\\\/www.instagram.com\\\/moll.dur\\\/\"]}]}<\/script>\n<!-- \/ Yoast SEO plugin. -->","yoast_head_json":{"title":"KONTAKT - mollDur","robots":{"index":"index","follow":"follow","max-snippet":"max-snippet:-1","max-image-preview":"max-image-preview:large","max-video-preview":"max-video-preview:-1"},"canonical":"https:\/\/molldur.pl\/en\/kontakt\/","og_locale":"en_US","og_type":"article","og_title":"KONTAKT - mollDur","og_description":"Kontakt","og_url":"https:\/\/molldur.pl\/en\/kontakt\/","og_site_name":"mollDur","article_publisher":"https:\/\/www.facebook.com\/mollDur-100434355224838","article_modified_time":"2025-09-02T18:12:11+00:00","twitter_card":"summary_large_image","twitter_misc":{"Est. reading time":"1 minute"},"schema":{"@context":"https:\/\/schema.org","@graph":[{"@type":"WebPage","@id":"https:\/\/molldur.pl\/kontakt\/","url":"https:\/\/molldur.pl\/kontakt\/","name":"KONTAKT - mollDur","isPartOf":{"@id":"https:\/\/molldur.pl\/#website"},"datePublished":"2024-03-11T11:42:25+00:00","dateModified":"2025-09-02T18:12:11+00:00","breadcrumb":{"@id":"https:\/\/molldur.pl\/kontakt\/#breadcrumb"},"inLanguage":"en-US","potentialAction":[{"@type":"ReadAction","target":["https:\/\/molldur.pl\/kontakt\/"]}]},{"@type":"BreadcrumbList","@id":"https:\/\/molldur.pl\/kontakt\/#breadcrumb","itemListElement":[{"@type":"ListItem","position":1,"name":"Strona g\u0142\u00f3wna","item":"https:\/\/molldur.pl\/"},{"@type":"ListItem","position":2,"name":"KONTAKT"}]},{"@type":"WebSite","@id":"https:\/\/molldur.pl\/#website","url":"https:\/\/molldur.pl\/","name":"mollDur","description":"","publisher":{"@id":"https:\/\/molldur.pl\/#organization"},"potentialAction":[{"@type":"SearchAction","target":{"@type":"EntryPoint","urlTemplate":"https:\/\/molldur.pl\/?s={search_term_string}"},"query-input":{"@type":"PropertyValueSpecification","valueRequired":true,"valueName":"search_term_string"}}],"inLanguage":"en-US"},{"@type":"Organization","@id":"https:\/\/molldur.pl\/#organization","name":"mollDur","url":"https:\/\/molldur.pl\/","logo":{"@type":"ImageObject","inLanguage":"en-US","@id":"https:\/\/molldur.pl\/#\/schema\/logo\/image\/","url":"https:\/\/molldur.pl\/wp-content\/uploads\/mD_182x50_bl.svg","contentUrl":"https:\/\/molldur.pl\/wp-content\/uploads\/mD_182x50_bl.svg","width":136,"height":37,"caption":"mollDur"},"image":{"@id":"https:\/\/molldur.pl\/#\/schema\/logo\/image\/"},"sameAs":["https:\/\/www.facebook.com\/mollDur-100434355224838","https:\/\/www.youtube.com\/user\/serowy1","https:\/\/www.instagram.com\/moll.dur\/"]}]}},"_links":{"self":[{"href":"https:\/\/molldur.pl\/en\/wp-json\/wp\/v2\/pages\/2902","targetHints":{"allow":["GET"]}}],"collection":[{"href":"https:\/\/molldur.pl\/en\/wp-json\/wp\/v2\/pages"}],"about":[{"href":"https:\/\/molldur.pl\/en\/wp-json\/wp\/v2\/types\/page"}],"author":[{"embeddable":true,"href":"https:\/\/molldur.pl\/en\/wp-json\/wp\/v2\/users\/1"}],"replies":[{"embeddable":true,"href":"https:\/\/molldur.pl\/en\/wp-json\/wp\/v2\/comments?post=2902"}],"version-history":[{"count":19,"href":"https:\/\/molldur.pl\/en\/wp-json\/wp\/v2\/pages\/2902\/revisions"}],"predecessor-version":[{"id":10004,"href":"https:\/\/molldur.pl\/en\/wp-json\/wp\/v2\/pages\/2902\/revisions\/10004"}],"wp:attachment":[{"href":"https:\/\/molldur.pl\/en\/wp-json\/wp\/v2\/media?parent=2902"}],"curies":[{"name":"wp","href":"https:\/\/api.w.org\/{rel}","templated":true}]}}