{"id":3,"date":"2024-03-10T14:12:48","date_gmt":"2024-03-10T14:12:48","guid":{"rendered":"http:\/\/molldur.pl\/?page_id=3"},"modified":"2024-04-09T20:39:41","modified_gmt":"2024-04-09T18:39:41","slug":"polityka-prywatnosci","status":"publish","type":"page","link":"https:\/\/molldur.pl\/en\/polityka-prywatnosci\/","title":{"rendered":"Polityka Prywatno\u015bci"},"content":{"rendered":"<h2 style=\"text-align: center;\">Polityka prywatno\u015bci<\/h2>\n<h4 style=\"text-align: center;\">\u00a71 Postanowienia og\u00f3lne<\/h4>\n<p>Polityka prywatno\u015bci okre\u015bla, jak zbierane, przetwarzane i przechowywane s\u0105 dane osobowe U\u017cytkownik\u00f3w niezb\u0119dne do \u015bwiadczenia us\u0142ug drog\u0105 elektroniczn\u0105 za po\u015brednictwem serwisu internetowego https:\/\/molldur.pl (dalej: Serwis).<\/p>\n<p>Serwis zbiera wy\u0142\u0105cznie dane osobowe niezb\u0119dne do \u015bwiadczenia i rozwoju us\u0142ug w nim oferowanych.<\/p>\n<p>Dane osobowe zbierane za po\u015brednictwem Serwisu s\u0105 przetwarzane zgodnie z Rozporz\u0105dzeniem Parlamentu Europejskiego i Rady (UE) 2016\/679 z dnia 27 kwietnia 2016 r. w sprawie ochrony os\u00f3b fizycznych w zwi\u0105zku z przetwarzaniem danych osobowych i w sprawie swobodnego przep\u0142ywu takich danych oraz uchylenia dyrektywy 95\/46\/WE (og\u00f3lne rozporz\u0105dzenie o ochronie danych, dalej RODO) oraz ustaw\u0105 o ochronie danych osobowych z dnia 10 maja 2018 r.<\/p>\n<h4 style=\"text-align: center;\">\u00a72 Administrator danych<\/h4>\n<p>Administratorem danych osobowych zbieranych poprzez Serwis jest firma Piotr Selke, adres: ul. Kr\u00f3tka 18, 62-053 Dru\u017cyna, NIP: 5881969576, REGON: 363173430, adres poczty elektronicznej: gramy@molldur.pl (dalej: Administrator).<\/p>\n<h4 style=\"text-align: center;\">\u00a73 Cel zbierania danych osobowych<\/h4>\n<p>Dane osobowe wykorzystywane s\u0105 w celu:<\/p>\n<ul>\n<li>realizacji umowy dotycz\u0105cej us\u0142ug oferowanych przez Serwis,<\/li>\n<li>komunikacji z U\u017cytkownikiem (formularz kontaktowy),<\/li>\n<li>personalizacji Serwisu dla U\u017cytkownik\u00f3w.<\/li>\n<\/ul>\n<p>Podanie danych jest dobrowolne, ale niezb\u0119dne do zawarcia umowy albo skorzystania z innych funkcjonalno\u015bci Serwisu.<\/p>\n<h4 style=\"text-align: center;\">\u00a74 Rodzaj przetwarzanych danych osobowych<\/h4>\n<p>Administrator mo\u017ce przetwarza\u0107 dane osobowe U\u017cytkownika: imi\u0119 i nazwisko, adres e-mail, numer telefonu.<\/p>\n<h4 style=\"text-align: center;\">\u00a75 Okres przetwarzania danych osobowych<\/h4>\n<p>Dane osobowe U\u017cytkownik\u00f3w b\u0119d\u0105 przetwarzane przez okres:<\/p>\n<ul>\n<li>gdy podstaw\u0105 przetwarzania danych jest wykonanie umowy \u2013 do momentu przedawnienia roszcze\u0144 po jej wykonaniu,<\/li>\n<li>gdy podstaw\u0105 przetwarzania danych jest zgoda \u2013 do momentu jej odwo\u0142ania, a po odwo\u0142aniu zgody do przedawnienia roszcze\u0144.<\/li>\n<\/ul>\n<p>W obu przypadkach termin przedawnienia wynosi 6 lat.<\/p>\n<h4 style=\"text-align: center;\">\u00a76. Udost\u0119pnianie danych osobowych<\/h4>\n<p>Dane osobowe U\u017cytkownik\u00f3w mog\u0105 by\u0107 przekazywane: podmiotom powi\u0105zanym z Administratorem, jego podwykonawcom, podmiotom wsp\u00f3\u0142pracuj\u0105cym z Administratorem np. firmom obs\u0142uguj\u0105cym e-p\u0142atno\u015bci.<br \/>\nDane osobowe U\u017cytkownik\u00f3w nie b\u0119d\u0105 przekazywane poza teren Europejskiego Obszaru Gospodarczego (EOG).<\/p>\n<h4 style=\"text-align: center;\">\u00a77 Prawa U\u017cytkownik\u00f3w<\/h4>\n<p>U\u017cytkownik Serwisu ma prawo do: dost\u0119pu do tre\u015bci swoich danych osobowych, ich sprostowania, usuni\u0119cia, ograniczenia przetwarzania, przenoszenia, wniesienia sprzeciwu wobec przetwarzania, cofni\u0119cia zgody w ka\u017cdej chwili (co nie ma wp\u0142ywu na zgodno\u015b\u0107 z prawem przetwarzania dokonanego w oparciu o zgod\u0119 przed jej cofni\u0119ciem).<\/p>\n<p>Zg\u0142oszenie o wyst\u0105pieniu przez U\u017cytkownika z uprawnieniem wynikaj\u0105cym z wymienionych praw nale\u017cy przes\u0142a\u0107 na adres gramy@molldur.pl.<\/p>\n<p>Administrator spe\u0142nia lub odmawia spe\u0142nienia \u017c\u0105dania niezw\u0142ocznie \u2013 maksymalnie w ci\u0105gu miesi\u0105ca od jego otrzymania.<br \/>\nU\u017cytkownik ma prawo z\u0142o\u017cy\u0107 skarg\u0119 do Prezesa Urz\u0119du Ochrony Danych Osobowych, je\u015bli uzna, \u017ce przetwarzanie narusza jego prawa i wolno\u015bci (RODO).<\/p>\n<h4 style=\"text-align: center;\">\u00a78 Pliki cookies<\/h4>\n<p>Serwis zbiera informacje za pomoc\u0105 plik\u00f3w cookies. Zbieranie plik\u00f3w cookies wspiera poprawne \u015bwiadczenie us\u0142ug w Serwisie.<br \/>\nU\u017cytkownik mo\u017ce okre\u015bli\u0107 zakres dost\u0119pu plik\u00f3w cookies do swojego urz\u0105dzenia w ustawieniach przegl\u0105darki.<\/p>\n<p>Ze wzgl\u0119du na czas wykorzystania wyr\u00f3\u017cniamy cookies:<\/p>\n<ul>\n<li>sesyjne &#8211; s\u0105 plikami tymczasowymi, kt\u00f3re przechowywane s\u0105 na Twoim Urz\u0105dzeniu do czasu wylogowania, opuszczenia strony internetowej lub wy\u0142\u0105czenia przegl\u0105darki internetowej.<\/li>\n<li>sta\u0142e &#8211; przechowywane s\u0105 w Twoim Urz\u0105dzeniu przez czas okre\u015blony w parametrach plik\u00f3w cookie lub do czasu ich usuni\u0119cia przez Ciebie.<\/li>\n<\/ul>\n<p>Ze wzgl\u0119du na niezb\u0119dno\u015b\u0107 ich wykorzystania w celu dostarczenia Ci \u017c\u0105danej przez Ciebie us\u0142ugi \u015bwiadczonej drog\u0105 elektroniczn\u0105 poprzez Serwis wyr\u00f3\u017cniamy cookies:<\/p>\n<ul>\n<li>niezb\u0119dne &#8211; niezb\u0119dne do funkcjonowania strony internetowej i nie mog\u0105 by\u0107 wy\u0142\u0105czone<\/li>\n<li>funkcjonalne &#8211; przechowuj\u0105 informacje na temat tego jak korzystasz z naszego Serwisu<\/li>\n<\/ul>\n<h4 style=\"text-align: center;\">\u00a79 Zautomatyzowane podejmowanie decyzji i profilowanie<\/h4>\n<p>Dane U\u017cytkownik\u00f3w nie mog\u0105 by\u0107 przetwarzane w zautomatyzowany spos\u00f3b tak, \u017ce na skutek tego mog\u0142yby zapa\u015b\u0107 wobec nich jakiekolwiek decyzje.<\/p>\n<h4 style=\"text-align: center;\">\u00a710 Postanowienia ko\u0144cowe<\/h4>\n<p>Administrator ma prawo do wprowadzenia zmian w Polityce prywatno\u015bci, przy czym prawa U\u017cytkownik\u00f3w nie zostan\u0105 ograniczone.<br \/>\nInformacja o wprowadzonych zmianach pojawi si\u0119 w formie komunikatu dost\u0119pnego w Serwisie.<br \/>\nW sprawach nieuregulowanych w niniejszej Polityce prywatno\u015bci obowi\u0105zuj\u0105 przepisy RODO i przepisy prawa polskiego.<\/p>","protected":false},"excerpt":{"rendered":"<p>Polityka prywatno\u015bci \u00a71 Postanowienia og\u00f3lne Polityka prywatno\u015bci okre\u015bla, jak zbierane, przetwarzane i przechowywane s\u0105 dane osobowe U\u017cytkownik\u00f3w niezb\u0119dne do \u015bwiadczenia us\u0142ug drog\u0105 elektroniczn\u0105 za po\u015brednictwem serwisu internetowego https:\/\/molldur.pl (dalej: Serwis). &#8230;<\/p>","protected":false},"author":1,"featured_media":0,"parent":0,"menu_order":0,"comment_status":"closed","ping_status":"closed","template":"","meta":{"footnotes":""},"class_list":["post-3","page","type-page","status-publish","hentry"],"yoast_head":"<!-- This site is optimized with the Yoast SEO plugin v27.4 - https:\/\/yoast.com\/product\/yoast-seo-wordpress\/ -->\n<title>Polityka Prywatno\u015bci - mollDur<\/title>\n<meta name=\"robots\" content=\"index, follow, max-snippet:-1, max-image-preview:large, max-video-preview:-1\" \/>\n<link rel=\"canonical\" href=\"https:\/\/molldur.pl\/en\/polityka-prywatnosci\/\" \/>\n<meta property=\"og:locale\" content=\"en_US\" \/>\n<meta property=\"og:type\" content=\"article\" \/>\n<meta property=\"og:title\" content=\"Polityka Prywatno\u015bci - mollDur\" \/>\n<meta property=\"og:description\" content=\"Polityka prywatno\u015bci \u00a71 Postanowienia og\u00f3lne Polityka prywatno\u015bci okre\u015bla, jak zbierane, przetwarzane i przechowywane s\u0105 dane osobowe U\u017cytkownik\u00f3w niezb\u0119dne do \u015bwiadczenia us\u0142ug drog\u0105 elektroniczn\u0105 za po\u015brednictwem serwisu internetowego https:\/\/molldur.pl (dalej: Serwis). ...\" \/>\n<meta property=\"og:url\" content=\"https:\/\/molldur.pl\/en\/polityka-prywatnosci\/\" \/>\n<meta property=\"og:site_name\" content=\"mollDur\" \/>\n<meta property=\"article:publisher\" content=\"https:\/\/www.facebook.com\/mollDur-100434355224838\" \/>\n<meta property=\"article:modified_time\" content=\"2024-04-09T18:39:41+00:00\" \/>\n<meta name=\"twitter:card\" content=\"summary_large_image\" \/>\n<meta name=\"twitter:label1\" content=\"Est. reading time\" \/>\n\t<meta name=\"twitter:data1\" content=\"3 minutes\" \/>\n<script type=\"application\/ld+json\" class=\"yoast-schema-graph\">{\"@context\":\"https:\\\/\\\/schema.org\",\"@graph\":[{\"@type\":\"WebPage\",\"@id\":\"https:\\\/\\\/molldur.pl\\\/polityka-prywatnosci\\\/\",\"url\":\"https:\\\/\\\/molldur.pl\\\/polityka-prywatnosci\\\/\",\"name\":\"Polityka Prywatno\u015bci - mollDur\",\"isPartOf\":{\"@id\":\"https:\\\/\\\/molldur.pl\\\/#website\"},\"datePublished\":\"2024-03-10T14:12:48+00:00\",\"dateModified\":\"2024-04-09T18:39:41+00:00\",\"breadcrumb\":{\"@id\":\"https:\\\/\\\/molldur.pl\\\/polityka-prywatnosci\\\/#breadcrumb\"},\"inLanguage\":\"en-US\",\"potentialAction\":[{\"@type\":\"ReadAction\",\"target\":[\"https:\\\/\\\/molldur.pl\\\/polityka-prywatnosci\\\/\"]}]},{\"@type\":\"BreadcrumbList\",\"@id\":\"https:\\\/\\\/molldur.pl\\\/polityka-prywatnosci\\\/#breadcrumb\",\"itemListElement\":[{\"@type\":\"ListItem\",\"position\":1,\"name\":\"Strona g\u0142\u00f3wna\",\"item\":\"https:\\\/\\\/molldur.pl\\\/\"},{\"@type\":\"ListItem\",\"position\":2,\"name\":\"Polityka Prywatno\u015bci\"}]},{\"@type\":\"WebSite\",\"@id\":\"https:\\\/\\\/molldur.pl\\\/#website\",\"url\":\"https:\\\/\\\/molldur.pl\\\/\",\"name\":\"mollDur\",\"description\":\"\",\"publisher\":{\"@id\":\"https:\\\/\\\/molldur.pl\\\/#organization\"},\"potentialAction\":[{\"@type\":\"SearchAction\",\"target\":{\"@type\":\"EntryPoint\",\"urlTemplate\":\"https:\\\/\\\/molldur.pl\\\/?s={search_term_string}\"},\"query-input\":{\"@type\":\"PropertyValueSpecification\",\"valueRequired\":true,\"valueName\":\"search_term_string\"}}],\"inLanguage\":\"en-US\"},{\"@type\":\"Organization\",\"@id\":\"https:\\\/\\\/molldur.pl\\\/#organization\",\"name\":\"mollDur\",\"url\":\"https:\\\/\\\/molldur.pl\\\/\",\"logo\":{\"@type\":\"ImageObject\",\"inLanguage\":\"en-US\",\"@id\":\"https:\\\/\\\/molldur.pl\\\/#\\\/schema\\\/logo\\\/image\\\/\",\"url\":\"https:\\\/\\\/molldur.pl\\\/wp-content\\\/uploads\\\/mD_182x50_bl.svg\",\"contentUrl\":\"https:\\\/\\\/molldur.pl\\\/wp-content\\\/uploads\\\/mD_182x50_bl.svg\",\"width\":136,\"height\":37,\"caption\":\"mollDur\"},\"image\":{\"@id\":\"https:\\\/\\\/molldur.pl\\\/#\\\/schema\\\/logo\\\/image\\\/\"},\"sameAs\":[\"https:\\\/\\\/www.facebook.com\\\/mollDur-100434355224838\",\"https:\\\/\\\/www.youtube.com\\\/user\\\/serowy1\",\"https:\\\/\\\/www.instagram.com\\\/moll.dur\\\/\"]}]}<\/script>\n<!-- \/ Yoast SEO plugin. -->","yoast_head_json":{"title":"Polityka Prywatno\u015bci - mollDur","robots":{"index":"index","follow":"follow","max-snippet":"max-snippet:-1","max-image-preview":"max-image-preview:large","max-video-preview":"max-video-preview:-1"},"canonical":"https:\/\/molldur.pl\/en\/polityka-prywatnosci\/","og_locale":"en_US","og_type":"article","og_title":"Polityka Prywatno\u015bci - mollDur","og_description":"Polityka prywatno\u015bci \u00a71 Postanowienia og\u00f3lne Polityka prywatno\u015bci okre\u015bla, jak zbierane, przetwarzane i przechowywane s\u0105 dane osobowe U\u017cytkownik\u00f3w niezb\u0119dne do \u015bwiadczenia us\u0142ug drog\u0105 elektroniczn\u0105 za po\u015brednictwem serwisu internetowego https:\/\/molldur.pl (dalej: Serwis). ...","og_url":"https:\/\/molldur.pl\/en\/polityka-prywatnosci\/","og_site_name":"mollDur","article_publisher":"https:\/\/www.facebook.com\/mollDur-100434355224838","article_modified_time":"2024-04-09T18:39:41+00:00","twitter_card":"summary_large_image","twitter_misc":{"Est. reading time":"3 minutes"},"schema":{"@context":"https:\/\/schema.org","@graph":[{"@type":"WebPage","@id":"https:\/\/molldur.pl\/polityka-prywatnosci\/","url":"https:\/\/molldur.pl\/polityka-prywatnosci\/","name":"Polityka Prywatno\u015bci - mollDur","isPartOf":{"@id":"https:\/\/molldur.pl\/#website"},"datePublished":"2024-03-10T14:12:48+00:00","dateModified":"2024-04-09T18:39:41+00:00","breadcrumb":{"@id":"https:\/\/molldur.pl\/polityka-prywatnosci\/#breadcrumb"},"inLanguage":"en-US","potentialAction":[{"@type":"ReadAction","target":["https:\/\/molldur.pl\/polityka-prywatnosci\/"]}]},{"@type":"BreadcrumbList","@id":"https:\/\/molldur.pl\/polityka-prywatnosci\/#breadcrumb","itemListElement":[{"@type":"ListItem","position":1,"name":"Strona g\u0142\u00f3wna","item":"https:\/\/molldur.pl\/"},{"@type":"ListItem","position":2,"name":"Polityka Prywatno\u015bci"}]},{"@type":"WebSite","@id":"https:\/\/molldur.pl\/#website","url":"https:\/\/molldur.pl\/","name":"mollDur","description":"","publisher":{"@id":"https:\/\/molldur.pl\/#organization"},"potentialAction":[{"@type":"SearchAction","target":{"@type":"EntryPoint","urlTemplate":"https:\/\/molldur.pl\/?s={search_term_string}"},"query-input":{"@type":"PropertyValueSpecification","valueRequired":true,"valueName":"search_term_string"}}],"inLanguage":"en-US"},{"@type":"Organization","@id":"https:\/\/molldur.pl\/#organization","name":"mollDur","url":"https:\/\/molldur.pl\/","logo":{"@type":"ImageObject","inLanguage":"en-US","@id":"https:\/\/molldur.pl\/#\/schema\/logo\/image\/","url":"https:\/\/molldur.pl\/wp-content\/uploads\/mD_182x50_bl.svg","contentUrl":"https:\/\/molldur.pl\/wp-content\/uploads\/mD_182x50_bl.svg","width":136,"height":37,"caption":"mollDur"},"image":{"@id":"https:\/\/molldur.pl\/#\/schema\/logo\/image\/"},"sameAs":["https:\/\/www.facebook.com\/mollDur-100434355224838","https:\/\/www.youtube.com\/user\/serowy1","https:\/\/www.instagram.com\/moll.dur\/"]}]}},"_links":{"self":[{"href":"https:\/\/molldur.pl\/en\/wp-json\/wp\/v2\/pages\/3","targetHints":{"allow":["GET"]}}],"collection":[{"href":"https:\/\/molldur.pl\/en\/wp-json\/wp\/v2\/pages"}],"about":[{"href":"https:\/\/molldur.pl\/en\/wp-json\/wp\/v2\/types\/page"}],"author":[{"embeddable":true,"href":"https:\/\/molldur.pl\/en\/wp-json\/wp\/v2\/users\/1"}],"replies":[{"embeddable":true,"href":"https:\/\/molldur.pl\/en\/wp-json\/wp\/v2\/comments?post=3"}],"version-history":[{"count":0,"href":"https:\/\/molldur.pl\/en\/wp-json\/wp\/v2\/pages\/3\/revisions"}],"wp:attachment":[{"href":"https:\/\/molldur.pl\/en\/wp-json\/wp\/v2\/media?parent=3"}],"curies":[{"name":"wp","href":"https:\/\/api.w.org\/{rel}","templated":true}]}}