{"id":3331,"date":"2024-04-05T21:34:10","date_gmt":"2024-04-05T19:34:10","guid":{"rendered":"http:\/\/molldur.pl\/?page_id=3331"},"modified":"2025-09-02T20:35:06","modified_gmt":"2025-09-02T18:35:06","slug":"regulamin-sprzedazy-biletow","status":"publish","type":"page","link":"https:\/\/molldur.pl\/en\/regulamin-sprzedazy-biletow\/","title":{"rendered":"Regulamin sprzeda\u017cy bilet\u00f3w"},"content":{"rendered":"<h2 style=\"text-align: center;\">Regulamin sprzeda\u017cy bilet\u00f3w na wydarzenia organizowane przez firm\u0119 Piotr Selke<\/h2>\n<h4><\/h4>\n<h4 style=\"text-align: center;\">\u00a71 Zasady Og\u00f3lne<\/h4>\n<p>1. Niniejszy regulamin okre\u015bla zasady korzystania z us\u0142ug \u015bwiadczonych przez firm\u0119 Piotr Selke, ul. Kr\u00f3tka 18, 62-053 Dru\u017cyna, NIP 5881969576, REGON 363173430, e-mail piotr.selke@gmail.com, w szczeg\u00f3lno\u015bci zasady sprzeda\u017cy bilet\u00f3w na Wydarzenia organizowane w mollDur.<br \/>\n2. Wst\u0119p na wszystkie biletowane Wydarzenia organizowane w mollDur mo\u017cliwy jest za okazaniem wa\u017cnego Biletu w formie papierowej lub cyfrowej.<br \/>\n3. Przed zakupem Biletu Kupuj\u0105cy zobowi\u0105zany jest zapozna\u0107 si\u0119 z niniejszym Regulaminem.<br \/>\n4. Zakup Biletu jest r\u00f3wnowa\u017cny z akceptacj\u0105 Regulaminu<br \/>\n5. Obs\u0142uga ma prawo zabroni\u0107 wej\u015bcia na Sal\u0119 osobie, kt\u00f3ra nie spe\u0142nia wymogu granicy wieku, od kt\u00f3rej dopuszcza si\u0119 uczestnictwo w Wydarzeniu.<br \/>\n6. Organizator nie ponosi odpowiedzialno\u015bci za rzeczy pozostawione na Sali.<br \/>\n7. Niniejszy Regulamin jest integraln\u0105 cz\u0119\u015bci\u0105 umowy sprzeda\u017cy zawieranej z Kupuj\u0105cym.<br \/>\n8. Regulamin umieszczony jest na stronie internetowej pod adresem https:\/\/molldur.pl\/<\/p>\n<h4 style=\"text-align: center;\">\u00a72 Zasady szczeg\u00f3\u0142owe zakupu Biletu<\/h4>\n<p>1. Zakupu Biletu na Wydarzenie mo\u017cna dokona\u0107 poprzez system sprzeda\u017cy internetowej dost\u0119pny na stronie https:\/\/molldur.pl\/<br \/>\n2. Dost\u0119pne formy p\u0142atno\u015bci za Bilet:<br \/>\na) przelew tradycyjny<br \/>\nb) p\u0142atno\u015b\u0107 na telefon<br \/>\n3. Za zakupione Bilety Kupuj\u0105cy ma prawo otrzyma\u0107 faktur\u0119 VAT<br \/>\n4. Szczeg\u00f3\u0142owe informacje o Wydarzeniach, zakupie bilet\u00f3w mo\u017cna uzyska\u0107 na stronie internetowej https:\/\/molldur.pl\/, telefonicznie pod numerem telefonu +48 512 808 805, mailowo na adres gramy@molldur.pl<\/p>\n<h4 style=\"text-align: center;\">\u00a73 Zwroty Bilet\u00f3w<\/h4>\n<p>1. Zwrot Biletu zakupionego przez stron\u0119 internetow\u0105 mo\u017cliwe jest nie p\u00f3\u017aniej ni\u017c 7 dni przed Wydarzeniem bez podania powodu zwrotu.<\/p>\n<h4 style=\"text-align: center;\">\u00a74 Gwarancja<\/h4>\n<p>1. Zwrot \u015brodk\u00f3w zap\u0142aconych przez Klienta za Bilet na podstawie Umowy Sprzeda\u017cy Bilet\u00f3w jest mo\u017cliwy w przypadku:<br \/>\na) odwo\u0142ania Wydarzenia,<br \/>\nb) przeniesienia Wydarzenia, tj. zmiany terminu Wydarzenia lub<br \/>\nprzeniesienia Wydarzenia do innej miejscowo\u015bci ni\u017c ta, w kt\u00f3rej Wydarzenie zosta\u0142o pierwotnie<br \/>\nzaplanowane,<br \/>\nc) zmiany Wydarzenia w zakresie sk\u0142adu artystycznego\u00a0lub\u00a0programu.<br \/>\n2. Administrator jest zobowi\u0105zany poinformowa\u0107 Klienta o odwo\u0142aniu, zmianie lub przeniesieniu Wydarzenia niezw\u0142ocznie po uzyskaniu informacji o powy\u017cszych\u00a0zdarzeniach.<br \/>\n3. Zwrot albo wymiana na Voucher nast\u0119puj\u0105 po zg\u0142oszeniu przez Klienta reklamacji drog\u0105 mailow\u0105 pod adresem gramy@molldur.pl.<\/p>\n<h4 style=\"text-align: center;\">\u00a75 Zni\u017cki<\/h4>\n<p>1. Kupuj\u0105cemu przys\u0142uguj\u0105 zni\u017cki na zakupione Bilety na wskazane przez organizatora wydarzenia.<br \/>\na) Zni\u017cka wysoko\u015bci 100% ceny Biletu na Koncerty Niespodzianki przys\u0142uguje Patronom mollDur wspieraj\u0105cym kwot\u0105 minimum 35 z\u0142 miesi\u0119cznie.<br \/>\nb) Zni\u017cka wysoko\u015bci 100% ceny Biletu na pozosta\u0142e Koncerty odbywaj\u0105ce si\u0119 na scenie mollDur przys\u0142uguje Patronom mollDur wspieraj\u0105cym kwot\u0105 minimum 70 z\u0142 miesi\u0119cznie.<br \/>\n2. Kupuj\u0105cy w momencie zakupu ma obowi\u0105zek powiadomi\u0107 sprzedaj\u0105cego o przys\u0142uguj\u0105cej zni\u017cce.<br \/>\n3. Bilet wa\u017cny jest od momentu jego otrzymania po dokonaniu p\u0142atno\u015bci do momentu zako\u0144czenia Wydarzenia, kt\u00f3rego dotyczy\u0142. U\u017cytkownik nie ma prawa do udzia\u0142u w innym Wydarzeniu lub innym terminie ni\u017c wskazany na bilecie.<br \/>\n4. W przypadku w\u0105tpliwo\u015bci co do oryginalno\u015bci Biletu lub osoby uprawnionej do jego realizacji, organizator jest upowa\u017cniony do \u017c\u0105dania okazania przez U\u017cytkownika tak\u017ce odpowiednich dokument\u00f3w<\/p>\n<h4 style=\"text-align: center;\">\u00a76 Dane osobowe<\/h4>\n<p>1. Dane osobowe uczestnik\u00f3w wydarze\u0144 przetwarzane s\u0105 przez firm\u0119 Piotr Selke w celach zwi\u0105zanych ze sprzeda\u017c\u0105 bilet\u00f3w.<br \/>\nPodanie danych osobowych jest dobrowolne, a widzowi przys\u0142uguje prawo do dost\u0119pu do swoich danych osobowych, ich poprawiania, a tak\u017ce usuni\u0119cia, zgodnie z ustaw\u0105 z dnia 29 sierpnia 1997r. O ochronie danych osobowych (Dz. U. Z 2015r. Poz. 2135 i 2281 oraz z 2016r. Poz. 195).<br \/>\n2. Uczestnictwo w imprezach mollDur wi\u0105\u017ce si\u0119 z rozpowszechnianiem wizerunku uczestnik\u00f3w Wydarze\u0144 w celach zwi\u0105zanych z promocj\u0105 poszczeg\u00f3lnych Wydarze\u0144 oraz promocj\u0105 mollDur zgodnie z ART. 81 ust. 2 pkt. 2 Ustawy z dnia 4 lutego 1994 roku o prawie autorskim i prawach pokrewnych niewymagane jest zezwolenie na rozpowszechnianie wizerunku na imprezach publicznych.<\/p>\n<h4 style=\"text-align: center;\">\u00a77 Postanowienia ko\u0144cowe<\/h4>\n<p>1. Firma Piotr Selke nie ponosi odpowiedzialno\u015bci za funkcjonowanie sieci Internet, za po\u015brednictwem kt\u00f3rej Kupuj\u0105cy sk\u0142adaj\u0105 zam\u00f3wienia i otrzymuj\u0105 Bilety oraz nie ponosi odpowiedzialno\u015bci za wiadomo\u015bci i potwierdzenia oraz inne dane zagubione lub utracone w sieci Internet, indywidualne ustawienia komputer\u00f3w oraz spos\u00f3b ich konfuguracji, a tak\u017ce ustawienia lub przerwy w \u015bwiadczeniu us\u0142ug wyst\u0119puj\u0105ce u dostawc\u00f3w do sieci Internet.<br \/>\n2. Firma Piotr Selke zastrzega sobie prawo do jednostronnego decydowania o zawarto\u015bci Strony https:\/\/molldur.pl\/, dokonywania w nich zmian i modyfikacji bez konieczno\u015bci uprzedzenia Kupuj\u0105cych o swoich zamiarach, czasowego zawieszenia dzia\u0142ania Stron i czasowego zawieszania mo\u017cliwo\u015bci zakupu wszystkich lub niekt\u00f3rych Bilet\u00f3w przez powy\u017csz\u0105 Stron\u0119.<br \/>\n3. Firma Piotr Selke zastrzega, \u017ce korzystanie ze Strony odbywa si\u0119 wy\u0142\u0105cznie na koszt i ryzyko Kupuj\u0105cego oraz nie udziela \u017cadnej gwarancji, ze korzystanie ze Strony przebiega\u0142o b\u0119dzie bez b\u0142\u0119d\u00f3w, wad, czy przerw.<br \/>\n4. Firma Piotr Selke nie odpowiada za jakiekolwiek ewentualne szkody, kt\u00f3re mog\u0142yby wynika\u0107 z nieprawid\u0142owego funkcjonowania Strony, b\u0105d\u017a te\u017c jej czasowej niedost\u0119pno\u015bci.<br \/>\n5. W sprawach nieuregulowanych niniejszym Regulaminem stosuje si\u0119 ustawy o \u015bwiadczeniu us\u0142ug drog\u0105 elektroniczn\u0105 oraz przepisy Kodeksu Cywilnego.<br \/>\n6. Regulamin jest udost\u0119pniony na stronie internetowej https:\/molldur.pl\/ w formacie, kt\u00f3ry umo\u017cliwia jego pobranie, utrwalenie i wydrukowanie.<br \/>\n7. Firma Piotr Selke zastrzega niniejszym, \u017ce Regulamin mo\u017ce ulec zmianie w ka\u017cdym czasie. Za termin wniesienia zmian w Regulaminie nale\u017cy przyj\u0105\u0107 termin opublikowania nowej wersji Regulaminu na stronie internetowej.<br \/>\n8. W przypadku zmiany Regulaminu, firma Piotr Selke zobowi\u0105zuje si\u0119 do umieszczenia informacji o tym fakcie na Stronie z minimum 14 dniowym wyprzedzeniem. Kupuj\u0105cy bezwarunkowo akceptuje tak\u0105 form\u0119 powiadomienia o zmianach w Regulaminie.<br \/>\n9. Do zam\u00f3wie\u0144 z\u0142o\u017conych przed dniem wej\u015bcia w \u017cycie zmian, zastosowania maj\u0105 postanowienia dotychczasowe, chyba, \u017ce Kupuj\u0105cy na pi\u015bmie wyrazi zgod\u0119 na zastosowanie wobec niego nowych postanowie\u0144.<\/p>","protected":false},"excerpt":{"rendered":"<p>Regulamin sprzeda\u017cy bilet\u00f3w na wydarzenia organizowane przez firm\u0119 Piotr Selke \u00a71 Zasady Og\u00f3lne 1. Niniejszy regulamin okre\u015bla zasady korzystania z us\u0142ug \u015bwiadczonych przez firm\u0119 Piotr Selke, ul. Kr\u00f3tka 18, 62-053 &#8230;<\/p>","protected":false},"author":1,"featured_media":0,"parent":0,"menu_order":0,"comment_status":"closed","ping_status":"closed","template":"","meta":{"footnotes":""},"class_list":["post-3331","page","type-page","status-publish","hentry"],"yoast_head":"<!-- This site is optimized with the Yoast SEO plugin v27.4 - https:\/\/yoast.com\/product\/yoast-seo-wordpress\/ -->\n<title>Regulamin sprzeda\u017cy bilet\u00f3w - mollDur<\/title>\n<meta name=\"robots\" content=\"index, follow, max-snippet:-1, max-image-preview:large, max-video-preview:-1\" \/>\n<link rel=\"canonical\" href=\"https:\/\/molldur.pl\/en\/regulamin-sprzedazy-biletow\/\" \/>\n<meta property=\"og:locale\" content=\"en_US\" \/>\n<meta property=\"og:type\" content=\"article\" \/>\n<meta property=\"og:title\" content=\"Regulamin sprzeda\u017cy bilet\u00f3w - mollDur\" \/>\n<meta property=\"og:description\" content=\"Regulamin sprzeda\u017cy bilet\u00f3w na wydarzenia organizowane przez firm\u0119 Piotr Selke \u00a71 Zasady Og\u00f3lne 1. Niniejszy regulamin okre\u015bla zasady korzystania z us\u0142ug \u015bwiadczonych przez firm\u0119 Piotr Selke, ul. Kr\u00f3tka 18, 62-053 ...\" \/>\n<meta property=\"og:url\" content=\"https:\/\/molldur.pl\/en\/regulamin-sprzedazy-biletow\/\" \/>\n<meta property=\"og:site_name\" content=\"mollDur\" \/>\n<meta property=\"article:publisher\" content=\"https:\/\/www.facebook.com\/mollDur-100434355224838\" \/>\n<meta property=\"article:modified_time\" content=\"2025-09-02T18:35:06+00:00\" \/>\n<meta name=\"twitter:card\" content=\"summary_large_image\" \/>\n<meta name=\"twitter:label1\" content=\"Est. reading time\" \/>\n\t<meta name=\"twitter:data1\" content=\"6 minutes\" \/>\n<script type=\"application\/ld+json\" class=\"yoast-schema-graph\">{\"@context\":\"https:\\\/\\\/schema.org\",\"@graph\":[{\"@type\":\"WebPage\",\"@id\":\"https:\\\/\\\/molldur.pl\\\/regulamin-sprzedazy-biletow\\\/\",\"url\":\"https:\\\/\\\/molldur.pl\\\/regulamin-sprzedazy-biletow\\\/\",\"name\":\"Regulamin sprzeda\u017cy bilet\u00f3w - mollDur\",\"isPartOf\":{\"@id\":\"https:\\\/\\\/molldur.pl\\\/#website\"},\"datePublished\":\"2024-04-05T19:34:10+00:00\",\"dateModified\":\"2025-09-02T18:35:06+00:00\",\"breadcrumb\":{\"@id\":\"https:\\\/\\\/molldur.pl\\\/regulamin-sprzedazy-biletow\\\/#breadcrumb\"},\"inLanguage\":\"en-US\",\"potentialAction\":[{\"@type\":\"ReadAction\",\"target\":[\"https:\\\/\\\/molldur.pl\\\/regulamin-sprzedazy-biletow\\\/\"]}]},{\"@type\":\"BreadcrumbList\",\"@id\":\"https:\\\/\\\/molldur.pl\\\/regulamin-sprzedazy-biletow\\\/#breadcrumb\",\"itemListElement\":[{\"@type\":\"ListItem\",\"position\":1,\"name\":\"Strona g\u0142\u00f3wna\",\"item\":\"https:\\\/\\\/molldur.pl\\\/\"},{\"@type\":\"ListItem\",\"position\":2,\"name\":\"Regulamin sprzeda\u017cy bilet\u00f3w\"}]},{\"@type\":\"WebSite\",\"@id\":\"https:\\\/\\\/molldur.pl\\\/#website\",\"url\":\"https:\\\/\\\/molldur.pl\\\/\",\"name\":\"mollDur\",\"description\":\"\",\"publisher\":{\"@id\":\"https:\\\/\\\/molldur.pl\\\/#organization\"},\"potentialAction\":[{\"@type\":\"SearchAction\",\"target\":{\"@type\":\"EntryPoint\",\"urlTemplate\":\"https:\\\/\\\/molldur.pl\\\/?s={search_term_string}\"},\"query-input\":{\"@type\":\"PropertyValueSpecification\",\"valueRequired\":true,\"valueName\":\"search_term_string\"}}],\"inLanguage\":\"en-US\"},{\"@type\":\"Organization\",\"@id\":\"https:\\\/\\\/molldur.pl\\\/#organization\",\"name\":\"mollDur\",\"url\":\"https:\\\/\\\/molldur.pl\\\/\",\"logo\":{\"@type\":\"ImageObject\",\"inLanguage\":\"en-US\",\"@id\":\"https:\\\/\\\/molldur.pl\\\/#\\\/schema\\\/logo\\\/image\\\/\",\"url\":\"https:\\\/\\\/molldur.pl\\\/wp-content\\\/uploads\\\/mD_182x50_bl.svg\",\"contentUrl\":\"https:\\\/\\\/molldur.pl\\\/wp-content\\\/uploads\\\/mD_182x50_bl.svg\",\"width\":136,\"height\":37,\"caption\":\"mollDur\"},\"image\":{\"@id\":\"https:\\\/\\\/molldur.pl\\\/#\\\/schema\\\/logo\\\/image\\\/\"},\"sameAs\":[\"https:\\\/\\\/www.facebook.com\\\/mollDur-100434355224838\",\"https:\\\/\\\/www.youtube.com\\\/user\\\/serowy1\",\"https:\\\/\\\/www.instagram.com\\\/moll.dur\\\/\"]}]}<\/script>\n<!-- \/ Yoast SEO plugin. -->","yoast_head_json":{"title":"Regulamin sprzeda\u017cy bilet\u00f3w - mollDur","robots":{"index":"index","follow":"follow","max-snippet":"max-snippet:-1","max-image-preview":"max-image-preview:large","max-video-preview":"max-video-preview:-1"},"canonical":"https:\/\/molldur.pl\/en\/regulamin-sprzedazy-biletow\/","og_locale":"en_US","og_type":"article","og_title":"Regulamin sprzeda\u017cy bilet\u00f3w - mollDur","og_description":"Regulamin sprzeda\u017cy bilet\u00f3w na wydarzenia organizowane przez firm\u0119 Piotr Selke \u00a71 Zasady Og\u00f3lne 1. Niniejszy regulamin okre\u015bla zasady korzystania z us\u0142ug \u015bwiadczonych przez firm\u0119 Piotr Selke, ul. Kr\u00f3tka 18, 62-053 ...","og_url":"https:\/\/molldur.pl\/en\/regulamin-sprzedazy-biletow\/","og_site_name":"mollDur","article_publisher":"https:\/\/www.facebook.com\/mollDur-100434355224838","article_modified_time":"2025-09-02T18:35:06+00:00","twitter_card":"summary_large_image","twitter_misc":{"Est. reading time":"6 minutes"},"schema":{"@context":"https:\/\/schema.org","@graph":[{"@type":"WebPage","@id":"https:\/\/molldur.pl\/regulamin-sprzedazy-biletow\/","url":"https:\/\/molldur.pl\/regulamin-sprzedazy-biletow\/","name":"Regulamin sprzeda\u017cy bilet\u00f3w - mollDur","isPartOf":{"@id":"https:\/\/molldur.pl\/#website"},"datePublished":"2024-04-05T19:34:10+00:00","dateModified":"2025-09-02T18:35:06+00:00","breadcrumb":{"@id":"https:\/\/molldur.pl\/regulamin-sprzedazy-biletow\/#breadcrumb"},"inLanguage":"en-US","potentialAction":[{"@type":"ReadAction","target":["https:\/\/molldur.pl\/regulamin-sprzedazy-biletow\/"]}]},{"@type":"BreadcrumbList","@id":"https:\/\/molldur.pl\/regulamin-sprzedazy-biletow\/#breadcrumb","itemListElement":[{"@type":"ListItem","position":1,"name":"Strona g\u0142\u00f3wna","item":"https:\/\/molldur.pl\/"},{"@type":"ListItem","position":2,"name":"Regulamin sprzeda\u017cy bilet\u00f3w"}]},{"@type":"WebSite","@id":"https:\/\/molldur.pl\/#website","url":"https:\/\/molldur.pl\/","name":"mollDur","description":"","publisher":{"@id":"https:\/\/molldur.pl\/#organization"},"potentialAction":[{"@type":"SearchAction","target":{"@type":"EntryPoint","urlTemplate":"https:\/\/molldur.pl\/?s={search_term_string}"},"query-input":{"@type":"PropertyValueSpecification","valueRequired":true,"valueName":"search_term_string"}}],"inLanguage":"en-US"},{"@type":"Organization","@id":"https:\/\/molldur.pl\/#organization","name":"mollDur","url":"https:\/\/molldur.pl\/","logo":{"@type":"ImageObject","inLanguage":"en-US","@id":"https:\/\/molldur.pl\/#\/schema\/logo\/image\/","url":"https:\/\/molldur.pl\/wp-content\/uploads\/mD_182x50_bl.svg","contentUrl":"https:\/\/molldur.pl\/wp-content\/uploads\/mD_182x50_bl.svg","width":136,"height":37,"caption":"mollDur"},"image":{"@id":"https:\/\/molldur.pl\/#\/schema\/logo\/image\/"},"sameAs":["https:\/\/www.facebook.com\/mollDur-100434355224838","https:\/\/www.youtube.com\/user\/serowy1","https:\/\/www.instagram.com\/moll.dur\/"]}]}},"_links":{"self":[{"href":"https:\/\/molldur.pl\/en\/wp-json\/wp\/v2\/pages\/3331","targetHints":{"allow":["GET"]}}],"collection":[{"href":"https:\/\/molldur.pl\/en\/wp-json\/wp\/v2\/pages"}],"about":[{"href":"https:\/\/molldur.pl\/en\/wp-json\/wp\/v2\/types\/page"}],"author":[{"embeddable":true,"href":"https:\/\/molldur.pl\/en\/wp-json\/wp\/v2\/users\/1"}],"replies":[{"embeddable":true,"href":"https:\/\/molldur.pl\/en\/wp-json\/wp\/v2\/comments?post=3331"}],"version-history":[{"count":7,"href":"https:\/\/molldur.pl\/en\/wp-json\/wp\/v2\/pages\/3331\/revisions"}],"predecessor-version":[{"id":10017,"href":"https:\/\/molldur.pl\/en\/wp-json\/wp\/v2\/pages\/3331\/revisions\/10017"}],"wp:attachment":[{"href":"https:\/\/molldur.pl\/en\/wp-json\/wp\/v2\/media?parent=3331"}],"curies":[{"name":"wp","href":"https:\/\/api.w.org\/{rel}","templated":true}]}}