{"id":9688,"date":"2025-07-29T10:54:11","date_gmt":"2025-07-29T08:54:11","guid":{"rendered":"https:\/\/molldur.pl\/?page_id=9688"},"modified":"2025-07-29T11:21:15","modified_gmt":"2025-07-29T09:21:15","slug":"deklaracja-dostepnosci","status":"publish","type":"page","link":"https:\/\/molldur.pl\/en\/deklaracja-dostepnosci\/","title":{"rendered":"Deklaracja dost\u0119pno\u015bci"},"content":{"rendered":"<h3 data-section-id=\"1gspxyn\" data-start=\"396\" data-end=\"426\"><strong data-start=\"400\" data-end=\"426\">Deklaracja dost\u0119pno\u015bci<\/strong><\/h3>\n<p data-start=\"428\" data-end=\"614\"><strong data-start=\"428\" data-end=\"442\">Molldur.pl<\/strong> zobowi\u0105zuje si\u0119 zapewni\u0107 dost\u0119pno\u015b\u0107 swojej strony internetowej zgodnie z ustaw\u0105 z dnia 4 kwietnia 2019 r. o dost\u0119pno\u015bci cyfrowej stron internetowych i aplikacji mobilnych.<\/p>\n<p data-start=\"616\" data-end=\"835\">Niniejsza deklaracja dotyczy strony internetowej: <strong data-start=\"666\" data-end=\"688\"><a class=\"\" href=\"https:\/\/molldur.pl\/en\/\" target=\"_new\" rel=\"noopener\" data-start=\"668\" data-end=\"686\">https:\/\/molldur.pl<\/a><\/strong><br data-start=\"688\" data-end=\"691\" \/>Data publikacji strony: <strong data-start=\"715\" data-end=\"755\">01.01.2024<\/strong><br data-start=\"755\" data-end=\"758\" \/>Data ostatniej istotnej aktualizacji:<strong data-start=\"796\" data-end=\"835\">29.07.2025<\/strong><\/p>\n<hr data-start=\"837\" data-end=\"840\" \/>\n<h3 data-section-id=\"59iqxg\" data-start=\"842\" data-end=\"866\"><strong data-start=\"846\" data-end=\"866\">Status zgodno\u015bci<\/strong><\/h3>\n<p data-start=\"868\" data-end=\"1004\">Strona internetowa jest <strong data-start=\"892\" data-end=\"912\">cz\u0119\u015bciowo zgodna<\/strong> z ustaw\u0105 z dnia 4 kwietnia 2019 r. z powodu niezgodno\u015bci lub wy\u0142\u0105cze\u0144 wymienionych poni\u017cej:<\/p>\n<ul data-start=\"1006\" data-end=\"1220\">\n<li data-start=\"1006\" data-end=\"1082\">\n<p data-start=\"1008\" data-end=\"1082\">Niekt\u00f3re elementy graficzne mog\u0105 nie posiada\u0107 opis\u00f3w alternatywnych (alt).<\/p>\n<\/li>\n<li data-start=\"1083\" data-end=\"1135\">\n<p data-start=\"1085\" data-end=\"1135\">Cz\u0119\u015b\u0107 dokument\u00f3w PDF mo\u017ce by\u0107 niedost\u0119pna cyfrowo.<\/p>\n<\/li>\n<li data-start=\"1136\" data-end=\"1220\">\n<p data-start=\"1138\" data-end=\"1220\">Brak pe\u0142nej nawigacji za pomoc\u0105 klawiatury w niekt\u00f3rych elementach interaktywnych.<\/p>\n<\/li>\n<\/ul>\n<p data-start=\"1222\" data-end=\"1318\">Trwaj\u0105 prace nad popraw\u0105 dost\u0119pno\u015bci serwisu. Staramy si\u0119 na bie\u017c\u0105co usuwa\u0107 stwierdzone bariery.<\/p>\n<hr data-start=\"1320\" data-end=\"1323\" \/>\n<h3 data-section-id=\"6rbszi\" data-start=\"1325\" data-end=\"1361\"><strong data-start=\"1329\" data-end=\"1361\">Data sporz\u0105dzenia deklaracji<\/strong><\/h3>\n<p data-start=\"1363\" data-end=\"1502\">Deklaracj\u0119 sporz\u0105dzono dnia: <strong data-start=\"1392\" data-end=\"1412\">29 lipca 2025 r.<\/strong><br data-start=\"1412\" data-end=\"1415\" \/>Deklaracj\u0119 sporz\u0105dzono na podstawie samooceny przeprowadzonej przez w\u0142a\u015bciciela strony.<\/p>\n<hr data-start=\"1504\" data-end=\"1507\" \/>\n<h3 data-section-id=\"mg7asc\" data-start=\"1509\" data-end=\"1554\"><strong data-start=\"1513\" data-end=\"1554\">Dane kontaktowe w sprawie dost\u0119pno\u015bci<\/strong><\/h3>\n<p data-start=\"1556\" data-end=\"1631\">W przypadku problem\u00f3w z dost\u0119pno\u015bci\u0105 strony internetowej prosimy o kontakt:<\/p>\n<p data-start=\"1633\" data-end=\"1857\"><strong data-start=\"1633\" data-end=\"1652\">Imi\u0119 i nazwisko<\/strong>: Piotr Selke<br data-start=\"1665\" data-end=\"1668\" \/><strong data-start=\"1668\" data-end=\"1694\">Adres korespondencyjny<\/strong>: ul. Kr\u00f3tka 18, 62-053 Dru\u017cyna, Polska<br data-start=\"1733\" data-end=\"1736\" \/><strong data-start=\"1736\" data-end=\"1746\">E-mail<\/strong>: <span class=\"html-span xdj266r x14z9mp xat24cr x1lziwak xexx8yu xyri2b x18d9i69 x1c1uobl x1hl2dhg x16tdsg8 x1vvkbs x4k7w5x x1h91t0o x1h9r5lt x1jfb8zj xv2umb2 x1beo9mf xaigb6o x12ejxvf x3igimt xarpa2k xedcshv x1t2pt76 x7ja8zs x1qrby5j\"><span class=\"x193iq5w xeuugli x13faqbe x1vvkbs x1xmvt09 x1lliihq x1s928wv xhkezso x1gmr53x x1cpjm7i x1fgarty x1943h6x xudqn12 x3x7a5m x6prxxf xvq8zen xo1l8bm xzsf02u\" dir=\"auto\">gramy@molldur.pl<\/span><\/span><br data-start=\"1803\" data-end=\"1806\" \/><strong data-start=\"1806\" data-end=\"1817\">Telefon<\/strong>: +48 512 808 805<\/p>\n<p data-start=\"1859\" data-end=\"1987\">T\u0105 sam\u0105 drog\u0105 mo\u017cna sk\u0142ada\u0107 wnioski o udost\u0119pnienie informacji niedost\u0119pnej oraz sk\u0142ada\u0107 skargi na brak zapewnienia dost\u0119pno\u015bci.<\/p>\n<hr data-start=\"1989\" data-end=\"1992\" \/>\n<h3 data-section-id=\"rkc1x4\" data-start=\"1994\" data-end=\"2026\"><strong data-start=\"1998\" data-end=\"2026\">Informacje uzupe\u0142niaj\u0105ce<\/strong><\/h3>\n<p data-start=\"2028\" data-end=\"2123\">W\u0142a\u015bciciel strony:<br data-start=\"2046\" data-end=\"2049\" \/><strong data-start=\"2049\" data-end=\"2064\">PIOTR SELKE<\/strong><br data-start=\"2064\" data-end=\"2067\" \/>ul. Kr\u00f3tka 18<br data-start=\"2080\" data-end=\"2083\" \/>62-053 Dru\u017cyna, Polska<br data-start=\"2105\" data-end=\"2108\" \/>NIP: 5881969576<\/p>","protected":false},"excerpt":{"rendered":"<p>Deklaracja dost\u0119pno\u015bci Molldur.pl zobowi\u0105zuje si\u0119 zapewni\u0107 dost\u0119pno\u015b\u0107 swojej strony internetowej zgodnie z ustaw\u0105 z dnia 4 kwietnia 2019 r. o dost\u0119pno\u015bci cyfrowej stron internetowych i aplikacji mobilnych. Niniejsza deklaracja dotyczy &#8230;<\/p>","protected":false},"author":6,"featured_media":0,"parent":0,"menu_order":0,"comment_status":"closed","ping_status":"closed","template":"","meta":{"footnotes":""},"class_list":["post-9688","page","type-page","status-publish","hentry"],"yoast_head":"<!-- This site is optimized with the Yoast SEO plugin v27.4 - https:\/\/yoast.com\/product\/yoast-seo-wordpress\/ -->\n<title>Deklaracja dost\u0119pno\u015bci - mollDur<\/title>\n<meta name=\"robots\" content=\"index, follow, max-snippet:-1, max-image-preview:large, max-video-preview:-1\" \/>\n<link rel=\"canonical\" href=\"https:\/\/molldur.pl\/en\/deklaracja-dostepnosci\/\" \/>\n<meta property=\"og:locale\" content=\"en_US\" \/>\n<meta property=\"og:type\" content=\"article\" \/>\n<meta property=\"og:title\" content=\"Deklaracja dost\u0119pno\u015bci - mollDur\" \/>\n<meta property=\"og:description\" content=\"Deklaracja dost\u0119pno\u015bci Molldur.pl zobowi\u0105zuje si\u0119 zapewni\u0107 dost\u0119pno\u015b\u0107 swojej strony internetowej zgodnie z ustaw\u0105 z dnia 4 kwietnia 2019 r. o dost\u0119pno\u015bci cyfrowej stron internetowych i aplikacji mobilnych. Niniejsza deklaracja dotyczy ...\" \/>\n<meta property=\"og:url\" content=\"https:\/\/molldur.pl\/en\/deklaracja-dostepnosci\/\" \/>\n<meta property=\"og:site_name\" content=\"mollDur\" \/>\n<meta property=\"article:publisher\" content=\"https:\/\/www.facebook.com\/mollDur-100434355224838\" \/>\n<meta property=\"article:modified_time\" content=\"2025-07-29T09:21:15+00:00\" \/>\n<meta name=\"twitter:card\" content=\"summary_large_image\" \/>\n<meta name=\"twitter:label1\" content=\"Est. reading time\" \/>\n\t<meta name=\"twitter:data1\" content=\"2 minutes\" \/>\n<script type=\"application\/ld+json\" class=\"yoast-schema-graph\">{\"@context\":\"https:\\\/\\\/schema.org\",\"@graph\":[{\"@type\":\"WebPage\",\"@id\":\"https:\\\/\\\/molldur.pl\\\/deklaracja-dostepnosci\\\/\",\"url\":\"https:\\\/\\\/molldur.pl\\\/deklaracja-dostepnosci\\\/\",\"name\":\"Deklaracja dost\u0119pno\u015bci - mollDur\",\"isPartOf\":{\"@id\":\"https:\\\/\\\/molldur.pl\\\/#website\"},\"datePublished\":\"2025-07-29T08:54:11+00:00\",\"dateModified\":\"2025-07-29T09:21:15+00:00\",\"breadcrumb\":{\"@id\":\"https:\\\/\\\/molldur.pl\\\/deklaracja-dostepnosci\\\/#breadcrumb\"},\"inLanguage\":\"en-US\",\"potentialAction\":[{\"@type\":\"ReadAction\",\"target\":[\"https:\\\/\\\/molldur.pl\\\/deklaracja-dostepnosci\\\/\"]}]},{\"@type\":\"BreadcrumbList\",\"@id\":\"https:\\\/\\\/molldur.pl\\\/deklaracja-dostepnosci\\\/#breadcrumb\",\"itemListElement\":[{\"@type\":\"ListItem\",\"position\":1,\"name\":\"Strona g\u0142\u00f3wna\",\"item\":\"https:\\\/\\\/molldur.pl\\\/\"},{\"@type\":\"ListItem\",\"position\":2,\"name\":\"Deklaracja dost\u0119pno\u015bci\"}]},{\"@type\":\"WebSite\",\"@id\":\"https:\\\/\\\/molldur.pl\\\/#website\",\"url\":\"https:\\\/\\\/molldur.pl\\\/\",\"name\":\"mollDur\",\"description\":\"\",\"publisher\":{\"@id\":\"https:\\\/\\\/molldur.pl\\\/#organization\"},\"potentialAction\":[{\"@type\":\"SearchAction\",\"target\":{\"@type\":\"EntryPoint\",\"urlTemplate\":\"https:\\\/\\\/molldur.pl\\\/?s={search_term_string}\"},\"query-input\":{\"@type\":\"PropertyValueSpecification\",\"valueRequired\":true,\"valueName\":\"search_term_string\"}}],\"inLanguage\":\"en-US\"},{\"@type\":\"Organization\",\"@id\":\"https:\\\/\\\/molldur.pl\\\/#organization\",\"name\":\"mollDur\",\"url\":\"https:\\\/\\\/molldur.pl\\\/\",\"logo\":{\"@type\":\"ImageObject\",\"inLanguage\":\"en-US\",\"@id\":\"https:\\\/\\\/molldur.pl\\\/#\\\/schema\\\/logo\\\/image\\\/\",\"url\":\"https:\\\/\\\/molldur.pl\\\/wp-content\\\/uploads\\\/mD_182x50_bl.svg\",\"contentUrl\":\"https:\\\/\\\/molldur.pl\\\/wp-content\\\/uploads\\\/mD_182x50_bl.svg\",\"width\":136,\"height\":37,\"caption\":\"mollDur\"},\"image\":{\"@id\":\"https:\\\/\\\/molldur.pl\\\/#\\\/schema\\\/logo\\\/image\\\/\"},\"sameAs\":[\"https:\\\/\\\/www.facebook.com\\\/mollDur-100434355224838\",\"https:\\\/\\\/www.youtube.com\\\/user\\\/serowy1\",\"https:\\\/\\\/www.instagram.com\\\/moll.dur\\\/\"]}]}<\/script>\n<!-- \/ Yoast SEO plugin. -->","yoast_head_json":{"title":"Deklaracja dost\u0119pno\u015bci - mollDur","robots":{"index":"index","follow":"follow","max-snippet":"max-snippet:-1","max-image-preview":"max-image-preview:large","max-video-preview":"max-video-preview:-1"},"canonical":"https:\/\/molldur.pl\/en\/deklaracja-dostepnosci\/","og_locale":"en_US","og_type":"article","og_title":"Deklaracja dost\u0119pno\u015bci - mollDur","og_description":"Deklaracja dost\u0119pno\u015bci Molldur.pl zobowi\u0105zuje si\u0119 zapewni\u0107 dost\u0119pno\u015b\u0107 swojej strony internetowej zgodnie z ustaw\u0105 z dnia 4 kwietnia 2019 r. o dost\u0119pno\u015bci cyfrowej stron internetowych i aplikacji mobilnych. Niniejsza deklaracja dotyczy ...","og_url":"https:\/\/molldur.pl\/en\/deklaracja-dostepnosci\/","og_site_name":"mollDur","article_publisher":"https:\/\/www.facebook.com\/mollDur-100434355224838","article_modified_time":"2025-07-29T09:21:15+00:00","twitter_card":"summary_large_image","twitter_misc":{"Est. reading time":"2 minutes"},"schema":{"@context":"https:\/\/schema.org","@graph":[{"@type":"WebPage","@id":"https:\/\/molldur.pl\/deklaracja-dostepnosci\/","url":"https:\/\/molldur.pl\/deklaracja-dostepnosci\/","name":"Deklaracja dost\u0119pno\u015bci - mollDur","isPartOf":{"@id":"https:\/\/molldur.pl\/#website"},"datePublished":"2025-07-29T08:54:11+00:00","dateModified":"2025-07-29T09:21:15+00:00","breadcrumb":{"@id":"https:\/\/molldur.pl\/deklaracja-dostepnosci\/#breadcrumb"},"inLanguage":"en-US","potentialAction":[{"@type":"ReadAction","target":["https:\/\/molldur.pl\/deklaracja-dostepnosci\/"]}]},{"@type":"BreadcrumbList","@id":"https:\/\/molldur.pl\/deklaracja-dostepnosci\/#breadcrumb","itemListElement":[{"@type":"ListItem","position":1,"name":"Strona g\u0142\u00f3wna","item":"https:\/\/molldur.pl\/"},{"@type":"ListItem","position":2,"name":"Deklaracja dost\u0119pno\u015bci"}]},{"@type":"WebSite","@id":"https:\/\/molldur.pl\/#website","url":"https:\/\/molldur.pl\/","name":"mollDur","description":"","publisher":{"@id":"https:\/\/molldur.pl\/#organization"},"potentialAction":[{"@type":"SearchAction","target":{"@type":"EntryPoint","urlTemplate":"https:\/\/molldur.pl\/?s={search_term_string}"},"query-input":{"@type":"PropertyValueSpecification","valueRequired":true,"valueName":"search_term_string"}}],"inLanguage":"en-US"},{"@type":"Organization","@id":"https:\/\/molldur.pl\/#organization","name":"mollDur","url":"https:\/\/molldur.pl\/","logo":{"@type":"ImageObject","inLanguage":"en-US","@id":"https:\/\/molldur.pl\/#\/schema\/logo\/image\/","url":"https:\/\/molldur.pl\/wp-content\/uploads\/mD_182x50_bl.svg","contentUrl":"https:\/\/molldur.pl\/wp-content\/uploads\/mD_182x50_bl.svg","width":136,"height":37,"caption":"mollDur"},"image":{"@id":"https:\/\/molldur.pl\/#\/schema\/logo\/image\/"},"sameAs":["https:\/\/www.facebook.com\/mollDur-100434355224838","https:\/\/www.youtube.com\/user\/serowy1","https:\/\/www.instagram.com\/moll.dur\/"]}]}},"_links":{"self":[{"href":"https:\/\/molldur.pl\/en\/wp-json\/wp\/v2\/pages\/9688","targetHints":{"allow":["GET"]}}],"collection":[{"href":"https:\/\/molldur.pl\/en\/wp-json\/wp\/v2\/pages"}],"about":[{"href":"https:\/\/molldur.pl\/en\/wp-json\/wp\/v2\/types\/page"}],"author":[{"embeddable":true,"href":"https:\/\/molldur.pl\/en\/wp-json\/wp\/v2\/users\/6"}],"replies":[{"embeddable":true,"href":"https:\/\/molldur.pl\/en\/wp-json\/wp\/v2\/comments?post=9688"}],"version-history":[{"count":2,"href":"https:\/\/molldur.pl\/en\/wp-json\/wp\/v2\/pages\/9688\/revisions"}],"predecessor-version":[{"id":9699,"href":"https:\/\/molldur.pl\/en\/wp-json\/wp\/v2\/pages\/9688\/revisions\/9699"}],"wp:attachment":[{"href":"https:\/\/molldur.pl\/en\/wp-json\/wp\/v2\/media?parent=9688"}],"curies":[{"name":"wp","href":"https:\/\/api.w.org\/{rel}","templated":true}]}}